{"id":19,"date":"2020-06-24T08:52:36","date_gmt":"2020-06-24T08:52:36","guid":{"rendered":"http:\/\/beatricegarsoux.be\/?page_id=19"},"modified":"2026-01-09T10:17:58","modified_gmt":"2026-01-09T10:17:58","slug":"services","status":"publish","type":"page","link":"http:\/\/beatricegarsoux.be\/?page_id=19","title":{"rendered":"\u00ab Vint un temps o\u00f9 demeurer \u00e0 l\u2019\u00e9troit dans un bourgeon \u00e9tait plus douloureux qu\u2019\u00e9clore.\u00bb"},"content":{"rendered":"\n<p class=\"has-text-align-center\" style=\"font-size:15px\"><em>Ana\u00efs Nin<\/em><\/p>\n\n\n\n<div style=\"height:30px\" aria-hidden=\"true\" class=\"wp-block-spacer\"><\/div>\n\n\n\n<p class=\"has-text-align-center\"><em>J\u2019accompagne en consultation individuelle toutes les personnes adultes d\u00e9sireuses d\u2019apporter du mieux-\u00eatre dans leur vie et pr\u00eates \u00e0 amorcer le changement. Lieu de parole et d\u2019expression \u00e9motionnelle, vos \u00e9tapes de vie difficiles y sont accueillies dans le plus profond respect de vos besoins: blocages \u00e9motionnels, stress, anxi\u00e9t\u00e9 et burnout, probl\u00e8mes d\u2019estime de soi, deuil, s\u00e9parations et traumas&#8230;<\/em><\/p>\n\n\n\n<div class=\"wp-block-buttons is-horizontal is-content-justification-center is-layout-flex wp-container-core-buttons-is-layout-499968f5 wp-block-buttons-is-layout-flex\">\n<div class=\"wp-block-button\"><a class=\"wp-block-button__link has-white-color has-text-color has-background wp-element-button\" href=\"http:\/\/beatricegarsoux.be\/?page_id=24\" style=\"background-color:#c71549\" target=\"_blank\" rel=\"noreferrer noopener\">Prix de la consultation sur demande<\/a><\/div>\n<\/div>\n\n\n\n<p class=\"has-text-align-center\" style=\"font-size:12px\"><em>Certaines mutuelles proposent une intervention financi\u00e8re.<\/em><\/p>\n\n\n\n<div style=\"height:30px\" aria-hidden=\"true\" class=\"wp-block-spacer\"><\/div>\n\n\n\n<div class=\"wp-block-cover is-light\"><img loading=\"lazy\" decoding=\"async\" width=\"2560\" height=\"668\" class=\"wp-block-cover__image-background wp-image-110\" alt=\"\" src=\"http:\/\/beatricegarsoux.be\/wp-content\/uploads\/2021\/05\/divers-scaled.jpg\" data-object-fit=\"cover\" srcset=\"http:\/\/beatricegarsoux.be\/wp-content\/uploads\/2021\/05\/divers-scaled.jpg 2560w, http:\/\/beatricegarsoux.be\/wp-content\/uploads\/2021\/05\/divers-300x78.jpg 300w, http:\/\/beatricegarsoux.be\/wp-content\/uploads\/2021\/05\/divers-1024x267.jpg 1024w, http:\/\/beatricegarsoux.be\/wp-content\/uploads\/2021\/05\/divers-768x200.jpg 768w, http:\/\/beatricegarsoux.be\/wp-content\/uploads\/2021\/05\/divers-1536x401.jpg 1536w, http:\/\/beatricegarsoux.be\/wp-content\/uploads\/2021\/05\/divers-2048x534.jpg 2048w\" sizes=\"auto, (max-width: 2560px) 100vw, 2560px\" \/><span aria-hidden=\"true\" class=\"wp-block-cover__background has-white-background-color has-background-dim-30 has-background-dim\"><\/span><div class=\"wp-block-cover__inner-container is-layout-flow wp-block-cover-is-layout-flow\">\n<p class=\"has-text-align-center has-large-font-size\"><\/p>\n<\/div><\/div>\n\n\n\n<div style=\"height:50px\" aria-hidden=\"true\" class=\"wp-block-spacer\"><\/div>\n\n\n\n<div class=\"wp-block-columns is-layout-flex wp-container-core-columns-is-layout-9d6595d7 wp-block-columns-is-layout-flex\">\n<div class=\"wp-block-column is-layout-flow wp-block-column-is-layout-flow\">\n<p><em><strong>L&rsquo;hypnose<\/strong> est un \u00e9tat modifi\u00e9 de conscience que nous connaissons tous dans notre quotidien. Citons par exemple les moments o\u00f9 nous sommes dans la lune ou lorsque notre voiture nous \u00ab&nbsp;ram\u00e8ne toute seule \u00e0 la maison&nbsp;\u00bb. Il existe bien d&rsquo;autres \u00e9tats modifi\u00e9s de conscience comme la m\u00e9ditation, la sophrologie&#8230;<\/em><\/p>\n\n\n\n<p><em>Par le biais de l&rsquo;hypnose nous nous mettons en contact avec notre inconscient, cette partie de notre cerveau (sans que nous puissions la localiser) que nous ne contr\u00f4lons pas consciemment et o\u00f9 sont stock\u00e9s nos exp\u00e9riences et v\u00e9cus. Il est responsable d&rsquo;une grande partie de nos actions et est capable de sugg\u00e9rer des solutions cr\u00e9atives \u00e9chappant au raisonnement logique. En cela il poss\u00e8de un formidable potentiel d&rsquo;\u00e9volution et de gu\u00e9rison.<\/em><\/p>\n\n\n\n<p><em>Contrairement aux images diffus\u00e9es par les shows t\u00e9l\u00e9vis\u00e9s, l&rsquo;hypnose conversationnelle que je pratique est loin d&rsquo;\u00eatre spectaculaire. Pendant la consultation, le client participe, parle, accepte ou refuse les propositions, sugg\u00e8re d&rsquo;autres solutions. C&rsquo;est le th\u00e9rapeute qui s&rsquo;adapte en continu \u00e0 la personne en face de lui. Tout le travail consiste \u00e0 transformer les enregistrements par l&rsquo;inconscient des exp\u00e9riences difficiles en s&rsquo;appuyant sur une particularit\u00e9 de celui-ci&nbsp;: il ne fait pas la diff\u00e9rence entre le r\u00e9el et l&rsquo;imaginaire.<\/em><\/p>\n<\/div>\n\n\n\n<div class=\"wp-block-column is-layout-flow wp-block-column-is-layout-flow\">\n<p><em>L&rsquo;hypnose conversationnelle permet d&rsquo;approcher les traumas de l&rsquo;existence, qu&rsquo;ils soient violents et uniques ou qu&rsquo;il s&rsquo;agisse de \u00ab&nbsp;petits&nbsp;\u00bb \u00e9v\u00e9nements n\u00e9gatifs qui par leur r\u00e9p\u00e9tition et la dur\u00e9e aboutissent \u00e9galement \u00e0 des v\u00e9cus traumatiques.<\/em><\/p>\n\n\n\n<p><strong><em>Comment se d\u00e9roulent les s\u00e9ances&nbsp;?<\/em><\/strong><\/p>\n\n\n\n<p><em>La premi\u00e8re consultation est consacr\u00e9e \u00e0 un entretien tr\u00e8s complet dont le but est de retracer votre histoire de vie pass\u00e9e et pr\u00e9sente. Cet entretien est capital dans la mesure o\u00f9 il pr\u00e9cise votre demande et aide \u00e0 cerner les \u00e9v\u00e9nements \u00e0 travailler en hypnose. Les consultations suivantes d\u00e9butent par un tour d&rsquo;horizon de votre \u00e9tat du moment suivi de la s\u00e9ance d&rsquo;hypnose proprement dite. Au cours de celle-ci, des m\u00e9canismes de protection sont mis en place afin d&rsquo;aborder les traumas de la mani\u00e8re la plus confortable possible.<\/em><\/p>\n\n\n\n<p class=\"has-text-color\" style=\"color:#c71549\"><em>Ensuite c\u2019est l\u2019inconscient qui nous guide &#8230;et il nous m\u00e8ne parfois l\u00e0 o\u00f9 nous ne l&rsquo;attendons pas&#8230;<\/em><\/p>\n<\/div>\n<\/div>\n\n\n\n<div style=\"height:30px\" aria-hidden=\"true\" class=\"wp-block-spacer\"><\/div>\n","protected":false},"excerpt":{"rendered":"<p>Ana\u00efs Nin J\u2019accompagne en consultation individuelle toutes les personnes adultes d\u00e9sireuses d\u2019apporter du mieux-\u00eatre dans leur vie et pr\u00eates \u00e0 amorcer le changement. Lieu de parole et d\u2019expression \u00e9motionnelle, vos [&hellip;]<\/p>\n","protected":false},"author":1,"featured_media":0,"parent":0,"menu_order":0,"comment_status":"closed","ping_status":"closed","template":"mes-services-page.php","meta":{"footnotes":""},"class_list":["post-19","page","type-page","status-publish","hentry"],"yoast_head":"<!-- This site is optimized with the Yoast SEO plugin v26.7 - https:\/\/yoast.com\/wordpress\/plugins\/seo\/ -->\n<title>\u00ab Vint un temps o\u00f9 demeurer \u00e0 l\u2019\u00e9troit dans un bourgeon \u00e9tait plus douloureux qu\u2019\u00e9clore.\u00bb - B\u00e9atrice Garsoux<\/title>\n<meta name=\"robots\" content=\"index, follow, max-snippet:-1, max-image-preview:large, max-video-preview:-1\" \/>\n<link rel=\"canonical\" href=\"https:\/\/beatricegarsoux.be\/?page_id=19\" \/>\n<meta property=\"og:locale\" content=\"fr_FR\" \/>\n<meta property=\"og:type\" content=\"article\" \/>\n<meta property=\"og:title\" content=\"\u00ab Vint un temps o\u00f9 demeurer \u00e0 l\u2019\u00e9troit dans un bourgeon \u00e9tait plus douloureux qu\u2019\u00e9clore.\u00bb - B\u00e9atrice Garsoux\" \/>\n<meta property=\"og:description\" content=\"Ana\u00efs Nin J\u2019accompagne en consultation individuelle toutes les personnes adultes d\u00e9sireuses d\u2019apporter du mieux-\u00eatre dans leur vie et pr\u00eates \u00e0 amorcer le changement. Lieu de parole et d\u2019expression \u00e9motionnelle, vos [&hellip;]\" \/>\n<meta property=\"og:url\" content=\"https:\/\/beatricegarsoux.be\/?page_id=19\" \/>\n<meta property=\"og:site_name\" content=\"B\u00e9atrice Garsoux\" \/>\n<meta property=\"article:modified_time\" content=\"2026-01-09T10:17:58+00:00\" \/>\n<meta property=\"og:image\" content=\"http:\/\/beatricegarsoux.be\/wp-content\/uploads\/2021\/05\/divers-scaled.jpg\" \/>\n<meta name=\"twitter:card\" content=\"summary_large_image\" \/>\n<meta name=\"twitter:label1\" content=\"Dur\u00e9e de lecture estim\u00e9e\" \/>\n\t<meta name=\"twitter:data1\" content=\"3 minutes\" \/>\n<script type=\"application\/ld+json\" class=\"yoast-schema-graph\">{\"@context\":\"https:\/\/schema.org\",\"@graph\":[{\"@type\":\"WebPage\",\"@id\":\"https:\/\/beatricegarsoux.be\/?page_id=19\",\"url\":\"https:\/\/beatricegarsoux.be\/?page_id=19\",\"name\":\"\u00ab Vint un temps o\u00f9 demeurer \u00e0 l\u2019\u00e9troit dans un bourgeon \u00e9tait plus douloureux qu\u2019\u00e9clore.\u00bb - B\u00e9atrice Garsoux\",\"isPartOf\":{\"@id\":\"http:\/\/beatricegarsoux.be\/#website\"},\"primaryImageOfPage\":{\"@id\":\"https:\/\/beatricegarsoux.be\/?page_id=19#primaryimage\"},\"image\":{\"@id\":\"https:\/\/beatricegarsoux.be\/?page_id=19#primaryimage\"},\"thumbnailUrl\":\"http:\/\/beatricegarsoux.be\/wp-content\/uploads\/2021\/05\/divers-scaled.jpg\",\"datePublished\":\"2020-06-24T08:52:36+00:00\",\"dateModified\":\"2026-01-09T10:17:58+00:00\",\"breadcrumb\":{\"@id\":\"https:\/\/beatricegarsoux.be\/?page_id=19#breadcrumb\"},\"inLanguage\":\"fr-FR\",\"potentialAction\":[{\"@type\":\"ReadAction\",\"target\":[\"https:\/\/beatricegarsoux.be\/?page_id=19\"]}]},{\"@type\":\"ImageObject\",\"inLanguage\":\"fr-FR\",\"@id\":\"https:\/\/beatricegarsoux.be\/?page_id=19#primaryimage\",\"url\":\"http:\/\/beatricegarsoux.be\/wp-content\/uploads\/2021\/05\/divers-scaled.jpg\",\"contentUrl\":\"http:\/\/beatricegarsoux.be\/wp-content\/uploads\/2021\/05\/divers-scaled.jpg\",\"width\":2560,\"height\":668},{\"@type\":\"BreadcrumbList\",\"@id\":\"https:\/\/beatricegarsoux.be\/?page_id=19#breadcrumb\",\"itemListElement\":[{\"@type\":\"ListItem\",\"position\":1,\"name\":\"Accueil\",\"item\":\"http:\/\/beatricegarsoux.be\/\"},{\"@type\":\"ListItem\",\"position\":2,\"name\":\"\u00ab Vint un temps o\u00f9 demeurer \u00e0 l\u2019\u00e9troit dans un bourgeon \u00e9tait plus douloureux qu\u2019\u00e9clore.\u00bb\"}]},{\"@type\":\"WebSite\",\"@id\":\"http:\/\/beatricegarsoux.be\/#website\",\"url\":\"http:\/\/beatricegarsoux.be\/\",\"name\":\"B\u00e9atrice Garsoux\",\"description\":\"Psychologue\",\"potentialAction\":[{\"@type\":\"SearchAction\",\"target\":{\"@type\":\"EntryPoint\",\"urlTemplate\":\"http:\/\/beatricegarsoux.be\/?s={search_term_string}\"},\"query-input\":{\"@type\":\"PropertyValueSpecification\",\"valueRequired\":true,\"valueName\":\"search_term_string\"}}],\"inLanguage\":\"fr-FR\"}]}<\/script>\n<!-- \/ Yoast SEO plugin. -->","yoast_head_json":{"title":"\u00ab Vint un temps o\u00f9 demeurer \u00e0 l\u2019\u00e9troit dans un bourgeon \u00e9tait plus douloureux qu\u2019\u00e9clore.\u00bb - B\u00e9atrice Garsoux","robots":{"index":"index","follow":"follow","max-snippet":"max-snippet:-1","max-image-preview":"max-image-preview:large","max-video-preview":"max-video-preview:-1"},"canonical":"https:\/\/beatricegarsoux.be\/?page_id=19","og_locale":"fr_FR","og_type":"article","og_title":"\u00ab Vint un temps o\u00f9 demeurer \u00e0 l\u2019\u00e9troit dans un bourgeon \u00e9tait plus douloureux qu\u2019\u00e9clore.\u00bb - B\u00e9atrice Garsoux","og_description":"Ana\u00efs Nin J\u2019accompagne en consultation individuelle toutes les personnes adultes d\u00e9sireuses d\u2019apporter du mieux-\u00eatre dans leur vie et pr\u00eates \u00e0 amorcer le changement. Lieu de parole et d\u2019expression \u00e9motionnelle, vos [&hellip;]","og_url":"https:\/\/beatricegarsoux.be\/?page_id=19","og_site_name":"B\u00e9atrice Garsoux","article_modified_time":"2026-01-09T10:17:58+00:00","og_image":[{"url":"http:\/\/beatricegarsoux.be\/wp-content\/uploads\/2021\/05\/divers-scaled.jpg","type":"","width":"","height":""}],"twitter_card":"summary_large_image","twitter_misc":{"Dur\u00e9e de lecture estim\u00e9e":"3 minutes"},"schema":{"@context":"https:\/\/schema.org","@graph":[{"@type":"WebPage","@id":"https:\/\/beatricegarsoux.be\/?page_id=19","url":"https:\/\/beatricegarsoux.be\/?page_id=19","name":"\u00ab Vint un temps o\u00f9 demeurer \u00e0 l\u2019\u00e9troit dans un bourgeon \u00e9tait plus douloureux qu\u2019\u00e9clore.\u00bb - B\u00e9atrice Garsoux","isPartOf":{"@id":"http:\/\/beatricegarsoux.be\/#website"},"primaryImageOfPage":{"@id":"https:\/\/beatricegarsoux.be\/?page_id=19#primaryimage"},"image":{"@id":"https:\/\/beatricegarsoux.be\/?page_id=19#primaryimage"},"thumbnailUrl":"http:\/\/beatricegarsoux.be\/wp-content\/uploads\/2021\/05\/divers-scaled.jpg","datePublished":"2020-06-24T08:52:36+00:00","dateModified":"2026-01-09T10:17:58+00:00","breadcrumb":{"@id":"https:\/\/beatricegarsoux.be\/?page_id=19#breadcrumb"},"inLanguage":"fr-FR","potentialAction":[{"@type":"ReadAction","target":["https:\/\/beatricegarsoux.be\/?page_id=19"]}]},{"@type":"ImageObject","inLanguage":"fr-FR","@id":"https:\/\/beatricegarsoux.be\/?page_id=19#primaryimage","url":"http:\/\/beatricegarsoux.be\/wp-content\/uploads\/2021\/05\/divers-scaled.jpg","contentUrl":"http:\/\/beatricegarsoux.be\/wp-content\/uploads\/2021\/05\/divers-scaled.jpg","width":2560,"height":668},{"@type":"BreadcrumbList","@id":"https:\/\/beatricegarsoux.be\/?page_id=19#breadcrumb","itemListElement":[{"@type":"ListItem","position":1,"name":"Accueil","item":"http:\/\/beatricegarsoux.be\/"},{"@type":"ListItem","position":2,"name":"\u00ab Vint un temps o\u00f9 demeurer \u00e0 l\u2019\u00e9troit dans un bourgeon \u00e9tait plus douloureux qu\u2019\u00e9clore.\u00bb"}]},{"@type":"WebSite","@id":"http:\/\/beatricegarsoux.be\/#website","url":"http:\/\/beatricegarsoux.be\/","name":"B\u00e9atrice Garsoux","description":"Psychologue","potentialAction":[{"@type":"SearchAction","target":{"@type":"EntryPoint","urlTemplate":"http:\/\/beatricegarsoux.be\/?s={search_term_string}"},"query-input":{"@type":"PropertyValueSpecification","valueRequired":true,"valueName":"search_term_string"}}],"inLanguage":"fr-FR"}]}},"_links":{"self":[{"href":"http:\/\/beatricegarsoux.be\/index.php?rest_route=\/wp\/v2\/pages\/19","targetHints":{"allow":["GET"]}}],"collection":[{"href":"http:\/\/beatricegarsoux.be\/index.php?rest_route=\/wp\/v2\/pages"}],"about":[{"href":"http:\/\/beatricegarsoux.be\/index.php?rest_route=\/wp\/v2\/types\/page"}],"author":[{"embeddable":true,"href":"http:\/\/beatricegarsoux.be\/index.php?rest_route=\/wp\/v2\/users\/1"}],"replies":[{"embeddable":true,"href":"http:\/\/beatricegarsoux.be\/index.php?rest_route=%2Fwp%2Fv2%2Fcomments&post=19"}],"version-history":[{"count":22,"href":"http:\/\/beatricegarsoux.be\/index.php?rest_route=\/wp\/v2\/pages\/19\/revisions"}],"predecessor-version":[{"id":230,"href":"http:\/\/beatricegarsoux.be\/index.php?rest_route=\/wp\/v2\/pages\/19\/revisions\/230"}],"wp:attachment":[{"href":"http:\/\/beatricegarsoux.be\/index.php?rest_route=%2Fwp%2Fv2%2Fmedia&parent=19"}],"curies":[{"name":"wp","href":"https:\/\/api.w.org\/{rel}","templated":true}]}}