{"id":21,"date":"2020-06-24T08:52:52","date_gmt":"2020-06-24T08:52:52","guid":{"rendered":"http:\/\/beatricegarsoux.be\/?page_id=21"},"modified":"2021-06-09T14:08:26","modified_gmt":"2021-06-09T14:08:26","slug":"mon-parcours","status":"publish","type":"page","link":"http:\/\/beatricegarsoux.be\/?page_id=21","title":{"rendered":"\u00ab Tout est difficile avant d&rsquo;\u00eatre simple \u00bb"},"content":{"rendered":"\n<p class=\"has-text-align-center\" style=\"font-size:15px\"><em>Thomas Fuller<\/em><\/p>\n\n\n\n<div style=\"height:30px\" aria-hidden=\"true\" class=\"wp-block-spacer\"><\/div>\n\n\n\n<div class=\"wp-block-columns is-layout-flex wp-container-core-columns-is-layout-9d6595d7 wp-block-columns-is-layout-flex\">\n<div class=\"wp-block-column is-layout-flow wp-block-column-is-layout-flow\">\n<p><em>La vie est rarement une ligne droite. La mienne n\u2019a pas pas \u00e9chapp\u00e9 \u00e0 cette r\u00e8gle. Heureusement! <\/em><\/p>\n\n\n\n<p><em>Dipl\u00f4m\u00e9e en psychologie de l\u2019ULB, j\u2019ai tr\u00e8s longtemps exerc\u00e9 la fonction de manager au sein d\u2019une grande banque. Ce microcosme fut une merveilleuse \u00e9cole pour la passionn\u00e9e des relations humaines que je suis. Mais un jour mes valeurs et celles de l\u2019entreprise n\u2019ont plus \u00e9t\u00e9 compatibles&#8230;Mon corps, mon c\u0153ur, mon mental se sont exprim\u00e9s bruyamment \u00e0 ce propos. Le moment \u00e9tait venu de voler de mes propres ailes pour faire vivre les valeurs qui m\u2019habitaient.<\/em><\/p>\n\n\n\n<p><em><strong>Se respecter, se r\u00e9approprier sa vie, oser s\u2019engager&#8230;.<\/strong><\/em><\/p>\n\n\n\n<div style=\"height:50px\" aria-hidden=\"true\" class=\"wp-block-spacer\"><\/div>\n<\/div>\n\n\n\n<div class=\"wp-block-column is-layout-flow wp-block-column-is-layout-flow\">\n<p><em>Peu apr\u00e8s 50 ans j\u2019ai d\u00e9cid\u00e9 d\u2019op\u00e9rer un virage important dans ma vie en prenant la d\u00e9cision de me consacrer \u00e0 mon bien-\u00eatre, trop n\u00e9glig\u00e9 pendant de nombreuses ann\u00e9es, et surtout de devenir une femme actrice de sa propre vie.<\/em><\/p>\n\n\n\n<p><em>Pendant plusieurs ann\u00e9es, j\u2019ai exp\u00e9riment\u00e9 de multiples approches de d\u00e9veloppement personnel et de bien-\u00eatre donnant une place au corps, aux \u00e9motions et \u00e0 la d\u00e9couverte artistique. Je me suis \u00e9galement dot\u00e9e d\u2019outils compl\u00e9mentaires tels que le conseil bien-\u00eatre, l\u2019hypnose conversationnelle ou le travail sur l\u2019estime de soi.<\/em><\/p>\n\n\n\n<p><em>\u00c9ternelle \u00e9tudiante je continue \u00e0 apprendre et \u00e0 explorer l\u2019extraordinaire \u00e9ventail des potentialit\u00e9s humaines.<\/em><\/p>\n<\/div>\n<\/div>\n\n\n\n<div style=\"height:50px\" aria-hidden=\"true\" class=\"wp-block-spacer\"><\/div>\n\n\n\n<div class=\"wp-block-cover has-background-dim-20 has-white-background-color has-background-dim\"><img loading=\"lazy\" decoding=\"async\" width=\"2560\" height=\"1707\" class=\"wp-block-cover__image-background wp-image-166\" alt=\"\" src=\"http:\/\/beatricegarsoux.be\/wp-content\/uploads\/2021\/05\/BeatriceGarsouxHD-2367-scaled.jpg\" data-object-fit=\"cover\" srcset=\"http:\/\/beatricegarsoux.be\/wp-content\/uploads\/2021\/05\/BeatriceGarsouxHD-2367-scaled.jpg 2560w, http:\/\/beatricegarsoux.be\/wp-content\/uploads\/2021\/05\/BeatriceGarsouxHD-2367-300x200.jpg 300w, http:\/\/beatricegarsoux.be\/wp-content\/uploads\/2021\/05\/BeatriceGarsouxHD-2367-1024x683.jpg 1024w, http:\/\/beatricegarsoux.be\/wp-content\/uploads\/2021\/05\/BeatriceGarsouxHD-2367-768x512.jpg 768w, http:\/\/beatricegarsoux.be\/wp-content\/uploads\/2021\/05\/BeatriceGarsouxHD-2367-1536x1024.jpg 1536w\" sizes=\"auto, (max-width: 2560px) 100vw, 2560px\" \/><div class=\"wp-block-cover__inner-container is-layout-flow wp-block-cover-is-layout-flow\">\n<p class=\"has-text-align-center has-black-color has-text-color has-large-font-size\"><em>Toutes ces d\u00e9couvertes enrichissent aujourd&rsquo;hui ma pratique professionnelle de psychologue<\/em><\/p>\n<\/div><\/div>\n\n\n\n<div style=\"height:30px\" aria-hidden=\"true\" class=\"wp-block-spacer\"><\/div>\n\n\n\n<div style=\"height:30px\" aria-hidden=\"true\" class=\"wp-block-spacer\"><\/div>\n\n\n\n<p class=\"has-text-align-center\"><\/p>\n","protected":false},"excerpt":{"rendered":"<p>Thomas Fuller La vie est rarement une ligne droite. La mienne n\u2019a pas pas \u00e9chapp\u00e9 \u00e0 cette r\u00e8gle. Heureusement! Dipl\u00f4m\u00e9e en psychologie de l\u2019ULB, j\u2019ai tr\u00e8s longtemps exerc\u00e9 la fonction [&hellip;]<\/p>\n","protected":false},"author":1,"featured_media":0,"parent":0,"menu_order":0,"comment_status":"closed","ping_status":"closed","template":"mon-parcours-page.php","meta":{"footnotes":""},"class_list":["post-21","page","type-page","status-publish","hentry"],"yoast_head":"<!-- This site is optimized with the Yoast SEO plugin v26.7 - https:\/\/yoast.com\/wordpress\/plugins\/seo\/ -->\n<title>\u00ab Tout est difficile avant d&#039;\u00eatre simple \u00bb - B\u00e9atrice Garsoux<\/title>\n<meta name=\"robots\" content=\"index, follow, max-snippet:-1, max-image-preview:large, max-video-preview:-1\" \/>\n<link rel=\"canonical\" href=\"http:\/\/beatricegarsoux.be\/?page_id=21\" \/>\n<meta property=\"og:locale\" content=\"fr_FR\" \/>\n<meta property=\"og:type\" content=\"article\" \/>\n<meta property=\"og:title\" content=\"\u00ab Tout est difficile avant d&#039;\u00eatre simple \u00bb - B\u00e9atrice Garsoux\" \/>\n<meta property=\"og:description\" content=\"Thomas Fuller La vie est rarement une ligne droite. La mienne n\u2019a pas pas \u00e9chapp\u00e9 \u00e0 cette r\u00e8gle. Heureusement! Dipl\u00f4m\u00e9e en psychologie de l\u2019ULB, j\u2019ai tr\u00e8s longtemps exerc\u00e9 la fonction [&hellip;]\" \/>\n<meta property=\"og:url\" content=\"http:\/\/beatricegarsoux.be\/?page_id=21\" \/>\n<meta property=\"og:site_name\" content=\"B\u00e9atrice Garsoux\" \/>\n<meta property=\"article:modified_time\" content=\"2021-06-09T14:08:26+00:00\" \/>\n<meta property=\"og:image\" content=\"http:\/\/beatricegarsoux.be\/wp-content\/uploads\/2021\/05\/BeatriceGarsouxHD-2367-scaled.jpg\" \/>\n<meta name=\"twitter:card\" content=\"summary_large_image\" \/>\n<meta name=\"twitter:label1\" content=\"Dur\u00e9e de lecture estim\u00e9e\" \/>\n\t<meta name=\"twitter:data1\" content=\"2 minutes\" \/>\n<script type=\"application\/ld+json\" class=\"yoast-schema-graph\">{\"@context\":\"https:\/\/schema.org\",\"@graph\":[{\"@type\":\"WebPage\",\"@id\":\"http:\/\/beatricegarsoux.be\/?page_id=21\",\"url\":\"http:\/\/beatricegarsoux.be\/?page_id=21\",\"name\":\"\u00ab Tout est difficile avant d'\u00eatre simple \u00bb - B\u00e9atrice Garsoux\",\"isPartOf\":{\"@id\":\"http:\/\/beatricegarsoux.be\/#website\"},\"primaryImageOfPage\":{\"@id\":\"http:\/\/beatricegarsoux.be\/?page_id=21#primaryimage\"},\"image\":{\"@id\":\"http:\/\/beatricegarsoux.be\/?page_id=21#primaryimage\"},\"thumbnailUrl\":\"http:\/\/beatricegarsoux.be\/wp-content\/uploads\/2021\/05\/BeatriceGarsouxHD-2367-scaled.jpg\",\"datePublished\":\"2020-06-24T08:52:52+00:00\",\"dateModified\":\"2021-06-09T14:08:26+00:00\",\"breadcrumb\":{\"@id\":\"http:\/\/beatricegarsoux.be\/?page_id=21#breadcrumb\"},\"inLanguage\":\"fr-FR\",\"potentialAction\":[{\"@type\":\"ReadAction\",\"target\":[\"http:\/\/beatricegarsoux.be\/?page_id=21\"]}]},{\"@type\":\"ImageObject\",\"inLanguage\":\"fr-FR\",\"@id\":\"http:\/\/beatricegarsoux.be\/?page_id=21#primaryimage\",\"url\":\"http:\/\/beatricegarsoux.be\/wp-content\/uploads\/2021\/05\/BeatriceGarsouxHD-2367-scaled.jpg\",\"contentUrl\":\"http:\/\/beatricegarsoux.be\/wp-content\/uploads\/2021\/05\/BeatriceGarsouxHD-2367-scaled.jpg\",\"width\":2560,\"height\":1707},{\"@type\":\"BreadcrumbList\",\"@id\":\"http:\/\/beatricegarsoux.be\/?page_id=21#breadcrumb\",\"itemListElement\":[{\"@type\":\"ListItem\",\"position\":1,\"name\":\"Accueil\",\"item\":\"http:\/\/beatricegarsoux.be\/\"},{\"@type\":\"ListItem\",\"position\":2,\"name\":\"\u00ab Tout est difficile avant d&rsquo;\u00eatre simple \u00bb\"}]},{\"@type\":\"WebSite\",\"@id\":\"http:\/\/beatricegarsoux.be\/#website\",\"url\":\"http:\/\/beatricegarsoux.be\/\",\"name\":\"B\u00e9atrice Garsoux\",\"description\":\"Psychologue\",\"potentialAction\":[{\"@type\":\"SearchAction\",\"target\":{\"@type\":\"EntryPoint\",\"urlTemplate\":\"http:\/\/beatricegarsoux.be\/?s={search_term_string}\"},\"query-input\":{\"@type\":\"PropertyValueSpecification\",\"valueRequired\":true,\"valueName\":\"search_term_string\"}}],\"inLanguage\":\"fr-FR\"}]}<\/script>\n<!-- \/ Yoast SEO plugin. -->","yoast_head_json":{"title":"\u00ab Tout est difficile avant d'\u00eatre simple \u00bb - B\u00e9atrice Garsoux","robots":{"index":"index","follow":"follow","max-snippet":"max-snippet:-1","max-image-preview":"max-image-preview:large","max-video-preview":"max-video-preview:-1"},"canonical":"http:\/\/beatricegarsoux.be\/?page_id=21","og_locale":"fr_FR","og_type":"article","og_title":"\u00ab Tout est difficile avant d'\u00eatre simple \u00bb - B\u00e9atrice Garsoux","og_description":"Thomas Fuller La vie est rarement une ligne droite. La mienne n\u2019a pas pas \u00e9chapp\u00e9 \u00e0 cette r\u00e8gle. Heureusement! Dipl\u00f4m\u00e9e en psychologie de l\u2019ULB, j\u2019ai tr\u00e8s longtemps exerc\u00e9 la fonction [&hellip;]","og_url":"http:\/\/beatricegarsoux.be\/?page_id=21","og_site_name":"B\u00e9atrice Garsoux","article_modified_time":"2021-06-09T14:08:26+00:00","og_image":[{"url":"http:\/\/beatricegarsoux.be\/wp-content\/uploads\/2021\/05\/BeatriceGarsouxHD-2367-scaled.jpg","type":"","width":"","height":""}],"twitter_card":"summary_large_image","twitter_misc":{"Dur\u00e9e de lecture estim\u00e9e":"2 minutes"},"schema":{"@context":"https:\/\/schema.org","@graph":[{"@type":"WebPage","@id":"http:\/\/beatricegarsoux.be\/?page_id=21","url":"http:\/\/beatricegarsoux.be\/?page_id=21","name":"\u00ab Tout est difficile avant d'\u00eatre simple \u00bb - B\u00e9atrice Garsoux","isPartOf":{"@id":"http:\/\/beatricegarsoux.be\/#website"},"primaryImageOfPage":{"@id":"http:\/\/beatricegarsoux.be\/?page_id=21#primaryimage"},"image":{"@id":"http:\/\/beatricegarsoux.be\/?page_id=21#primaryimage"},"thumbnailUrl":"http:\/\/beatricegarsoux.be\/wp-content\/uploads\/2021\/05\/BeatriceGarsouxHD-2367-scaled.jpg","datePublished":"2020-06-24T08:52:52+00:00","dateModified":"2021-06-09T14:08:26+00:00","breadcrumb":{"@id":"http:\/\/beatricegarsoux.be\/?page_id=21#breadcrumb"},"inLanguage":"fr-FR","potentialAction":[{"@type":"ReadAction","target":["http:\/\/beatricegarsoux.be\/?page_id=21"]}]},{"@type":"ImageObject","inLanguage":"fr-FR","@id":"http:\/\/beatricegarsoux.be\/?page_id=21#primaryimage","url":"http:\/\/beatricegarsoux.be\/wp-content\/uploads\/2021\/05\/BeatriceGarsouxHD-2367-scaled.jpg","contentUrl":"http:\/\/beatricegarsoux.be\/wp-content\/uploads\/2021\/05\/BeatriceGarsouxHD-2367-scaled.jpg","width":2560,"height":1707},{"@type":"BreadcrumbList","@id":"http:\/\/beatricegarsoux.be\/?page_id=21#breadcrumb","itemListElement":[{"@type":"ListItem","position":1,"name":"Accueil","item":"http:\/\/beatricegarsoux.be\/"},{"@type":"ListItem","position":2,"name":"\u00ab Tout est difficile avant d&rsquo;\u00eatre simple \u00bb"}]},{"@type":"WebSite","@id":"http:\/\/beatricegarsoux.be\/#website","url":"http:\/\/beatricegarsoux.be\/","name":"B\u00e9atrice Garsoux","description":"Psychologue","potentialAction":[{"@type":"SearchAction","target":{"@type":"EntryPoint","urlTemplate":"http:\/\/beatricegarsoux.be\/?s={search_term_string}"},"query-input":{"@type":"PropertyValueSpecification","valueRequired":true,"valueName":"search_term_string"}}],"inLanguage":"fr-FR"}]}},"_links":{"self":[{"href":"http:\/\/beatricegarsoux.be\/index.php?rest_route=\/wp\/v2\/pages\/21","targetHints":{"allow":["GET"]}}],"collection":[{"href":"http:\/\/beatricegarsoux.be\/index.php?rest_route=\/wp\/v2\/pages"}],"about":[{"href":"http:\/\/beatricegarsoux.be\/index.php?rest_route=\/wp\/v2\/types\/page"}],"author":[{"embeddable":true,"href":"http:\/\/beatricegarsoux.be\/index.php?rest_route=\/wp\/v2\/users\/1"}],"replies":[{"embeddable":true,"href":"http:\/\/beatricegarsoux.be\/index.php?rest_route=%2Fwp%2Fv2%2Fcomments&post=21"}],"version-history":[{"count":26,"href":"http:\/\/beatricegarsoux.be\/index.php?rest_route=\/wp\/v2\/pages\/21\/revisions"}],"predecessor-version":[{"id":187,"href":"http:\/\/beatricegarsoux.be\/index.php?rest_route=\/wp\/v2\/pages\/21\/revisions\/187"}],"wp:attachment":[{"href":"http:\/\/beatricegarsoux.be\/index.php?rest_route=%2Fwp%2Fv2%2Fmedia&parent=21"}],"curies":[{"name":"wp","href":"https:\/\/api.w.org\/{rel}","templated":true}]}}